{"id":658,"date":"2022-05-06T13:50:09","date_gmt":"2022-05-06T11:50:09","guid":{"rendered":"https:\/\/www.iter.cat\/clientes\/"},"modified":"2022-06-20T12:50:56","modified_gmt":"2022-06-20T10:50:56","slug":"clientes","status":"publish","type":"page","link":"https:\/\/www.iter.cat\/es\/clientes\/","title":{"rendered":"clientes"},"content":{"rendered":"\t\t<div data-elementor-type=\"wp-page\" data-elementor-id=\"658\" class=\"elementor elementor-658 elementor-244\" data-elementor-post-type=\"page\">\n\t\t\t\t\t\t<section class=\"elementor-section elementor-top-section elementor-element elementor-element-980ec97 elementor-section-full_width elementor-section-height-default elementor-section-height-default\" data-id=\"980ec97\" data-element_type=\"section\" data-e-type=\"section\">\n\t\t\t\t\t\t<div class=\"elementor-container elementor-column-gap-no\">\n\t\t\t\t\t<div class=\"elementor-column elementor-col-100 elementor-top-column elementor-element elementor-element-3a71425\" data-id=\"3a71425\" data-element_type=\"column\" data-e-type=\"column\">\n\t\t\t<div class=\"elementor-widget-wrap elementor-element-populated\">\n\t\t\t\t\t\t<div class=\"elementor-element elementor-element-6f9ca0f elementor-widget elementor-widget-image\" data-id=\"6f9ca0f\" data-element_type=\"widget\" data-e-type=\"widget\" data-widget_type=\"image.default\">\n\t\t\t\t<div class=\"elementor-widget-container\">\n\t\t\t\t\t\t\t\t\t\t\t\t\t\t\t<img fetchpriority=\"high\" decoding=\"async\" width=\"1920\" height=\"666\" src=\"https:\/\/www.iter.cat\/wp-content\/uploads\/2022\/05\/clients_bo.jpg\" class=\"attachment-full size-full wp-image-648\" alt=\"\" srcset=\"https:\/\/www.iter.cat\/wp-content\/uploads\/2022\/05\/clients_bo.jpg 1920w, https:\/\/www.iter.cat\/wp-content\/uploads\/2022\/05\/clients_bo-300x104.jpg 300w, https:\/\/www.iter.cat\/wp-content\/uploads\/2022\/05\/clients_bo-1024x355.jpg 1024w, https:\/\/www.iter.cat\/wp-content\/uploads\/2022\/05\/clients_bo-768x266.jpg 768w, https:\/\/www.iter.cat\/wp-content\/uploads\/2022\/05\/clients_bo-1536x533.jpg 1536w\" sizes=\"(max-width: 1920px) 100vw, 1920px\" \/>\t\t\t\t\t\t\t\t\t\t\t\t\t\t\t<\/div>\n\t\t\t\t<\/div>\n\t\t\t\t\t<\/div>\n\t\t<\/div>\n\t\t\t\t\t<\/div>\n\t\t<\/section>\n\t\t\t\t<section class=\"elementor-section elementor-top-section elementor-element elementor-element-9b43f06 elementor-section-boxed elementor-section-height-default elementor-section-height-default\" data-id=\"9b43f06\" data-element_type=\"section\" data-e-type=\"section\">\n\t\t\t\t\t\t<div class=\"elementor-container elementor-column-gap-no\">\n\t\t\t\t\t<div class=\"elementor-column elementor-col-100 elementor-top-column elementor-element elementor-element-5306ee3\" data-id=\"5306ee3\" data-element_type=\"column\" data-e-type=\"column\">\n\t\t\t<div class=\"elementor-widget-wrap elementor-element-populated\">\n\t\t\t\t\t\t<div class=\"elementor-element elementor-element-23abb3d elementor-widget elementor-widget-image\" data-id=\"23abb3d\" data-element_type=\"widget\" data-e-type=\"widget\" data-widget_type=\"image.default\">\n\t\t\t\t<div class=\"elementor-widget-container\">\n\t\t\t\t\t\t\t\t\t\t\t\t\t\t\t<img decoding=\"async\" width=\"800\" height=\"800\" src=\"https:\/\/www.iter.cat\/wp-content\/uploads\/2022\/01\/clients.svg\" class=\"attachment-large size-large wp-image-378\" alt=\"\" \/>\t\t\t\t\t\t\t\t\t\t\t\t\t\t\t<\/div>\n\t\t\t\t<\/div>\n\t\t\t\t\t<\/div>\n\t\t<\/div>\n\t\t\t\t\t<\/div>\n\t\t<\/section>\n\t\t\t\t<section class=\"elementor-section elementor-top-section elementor-element elementor-element-e46b16f elementor-section-full_width elementor-section-height-default elementor-section-height-default\" data-id=\"e46b16f\" data-element_type=\"section\" data-e-type=\"section\">\n\t\t\t\t\t\t<div class=\"elementor-container elementor-column-gap-no\">\n\t\t\t\t\t<div class=\"elementor-column elementor-col-100 elementor-top-column elementor-element elementor-element-b156630\" data-id=\"b156630\" data-element_type=\"column\" data-e-type=\"column\">\n\t\t\t<div class=\"elementor-widget-wrap elementor-element-populated\">\n\t\t\t\t\t\t<div class=\"elementor-element elementor-element-8a29c1b elementor-widget elementor-widget-heading\" data-id=\"8a29c1b\" data-element_type=\"widget\" data-e-type=\"widget\" data-widget_type=\"heading.default\">\n\t\t\t\t<div class=\"elementor-widget-container\">\n\t\t\t\t\t<h1 class=\"elementor-heading-title elementor-size-default\">Clientes<\/h1>\t\t\t\t<\/div>\n\t\t\t\t<\/div>\n\t\t\t\t\t<\/div>\n\t\t<\/div>\n\t\t\t\t\t<\/div>\n\t\t<\/section>\n\t\t\t\t<section class=\"elementor-section elementor-top-section elementor-element elementor-element-1162183 elementor-section-full_width elementor-section-height-default elementor-section-height-default\" data-id=\"1162183\" data-element_type=\"section\" data-e-type=\"section\">\n\t\t\t\t\t\t<div class=\"elementor-container elementor-column-gap-no\">\n\t\t\t\t\t<div class=\"elementor-column elementor-col-100 elementor-top-column elementor-element elementor-element-dbf54c9\" data-id=\"dbf54c9\" data-element_type=\"column\" data-e-type=\"column\">\n\t\t\t<div class=\"elementor-widget-wrap elementor-element-populated\">\n\t\t\t\t\t\t<div class=\"elementor-element elementor-element-65c32f5 elementor-widget elementor-widget-text-editor\" data-id=\"65c32f5\" data-element_type=\"widget\" data-e-type=\"widget\" data-widget_type=\"text-editor.default\">\n\t\t\t\t<div class=\"elementor-widget-container\">\n\t\t\t\t\t\t\t\t\tTrabajamos para agencias de comunicaci\u00f3n y traducci\u00f3n multinacionales, y tambi\u00e9n para clientes finales de diferentes sectores, especialmente del \u00e1mbito de la tecnolog\u00eda, la automoci\u00f3n, los sistemas de seguridad y la educaci\u00f3n, en proyectos que van desde la localizaci\u00f3n de aplicaciones hasta la traducci\u00f3n de cursos y la creaci\u00f3n o adaptaci\u00f3n de contenidos de marketing o campa\u00f1as publicitarias.\t\t\t\t\t\t\t\t<\/div>\n\t\t\t\t<\/div>\n\t\t\t\t\t<\/div>\n\t\t<\/div>\n\t\t\t\t\t<\/div>\n\t\t<\/section>\n\t\t\t\t<section class=\"elementor-section elementor-top-section elementor-element elementor-element-e21c5cb elementor-section-full_width elementor-section-height-default elementor-section-height-default\" data-id=\"e21c5cb\" data-element_type=\"section\" data-e-type=\"section\">\n\t\t\t\t\t\t<div class=\"elementor-container elementor-column-gap-wider\">\n\t\t\t\t\t<div class=\"elementor-column elementor-col-50 elementor-top-column elementor-element elementor-element-1794492\" data-id=\"1794492\" data-element_type=\"column\" data-e-type=\"column\">\n\t\t\t<div class=\"elementor-widget-wrap elementor-element-populated\">\n\t\t\t\t\t\t<div class=\"elementor-element elementor-element-c279e68 elementor-widget__width-auto elementor-widget elementor-widget-image\" data-id=\"c279e68\" data-element_type=\"widget\" data-e-type=\"widget\" data-widget_type=\"image.default\">\n\t\t\t\t<div class=\"elementor-widget-container\">\n\t\t\t\t\t\t\t\t\t\t\t\t\t\t\t<img decoding=\"async\" width=\"34\" height=\"111\" src=\"https:\/\/www.iter.cat\/wp-content\/uploads\/2022\/01\/clients_1.svg\" class=\"attachment-full size-full wp-image-382\" alt=\"\" \/>\t\t\t\t\t\t\t\t\t\t\t\t\t\t\t<\/div>\n\t\t\t\t<\/div>\n\t\t\t\t<div class=\"elementor-element elementor-element-37f862f elementor-widget__width-initial elementor-widget elementor-widget-text-editor\" data-id=\"37f862f\" data-element_type=\"widget\" data-e-type=\"widget\" data-widget_type=\"text-editor.default\">\n\t\t\t\t<div class=\"elementor-widget-container\">\n\t\t\t\t\t\t\t\t\t\u00abEn los dos \u00faltimos a\u00f1os Francesc ha traducido\/revisado m\u00e1s de 100.000 palabras para clientes internacionales con un gran nivel de exigencia y la explicaci\u00f3n es muy sencilla: la calidad de su trabajo es excepcional.\u00bb\t\t\t\t\t\t\t\t<\/div>\n\t\t\t\t<\/div>\n\t\t\t\t<div class=\"elementor-element elementor-element-4318703 elementor-widget__width-initial elementor-widget elementor-widget-text-editor\" data-id=\"4318703\" data-element_type=\"widget\" data-e-type=\"widget\" data-widget_type=\"text-editor.default\">\n\t\t\t\t<div class=\"elementor-widget-container\">\n\t\t\t\t\t\t\t\t\tEverhard Hebly, Parnassia Media\t\t\t\t\t\t\t\t<\/div>\n\t\t\t\t<\/div>\n\t\t\t\t\t<\/div>\n\t\t<\/div>\n\t\t\t\t<div class=\"elementor-column elementor-col-50 elementor-top-column elementor-element elementor-element-1257244\" data-id=\"1257244\" data-element_type=\"column\" data-e-type=\"column\">\n\t\t\t<div class=\"elementor-widget-wrap elementor-element-populated\">\n\t\t\t\t\t\t<div class=\"elementor-element elementor-element-9e71142 elementor-widget__width-auto elementor-widget elementor-widget-image\" data-id=\"9e71142\" data-element_type=\"widget\" data-e-type=\"widget\" data-widget_type=\"image.default\">\n\t\t\t\t<div class=\"elementor-widget-container\">\n\t\t\t\t\t\t\t\t\t\t\t\t\t\t\t<img loading=\"lazy\" decoding=\"async\" width=\"23\" height=\"81\" src=\"https:\/\/www.iter.cat\/wp-content\/uploads\/2022\/01\/clients_2.svg\" class=\"attachment-full size-full wp-image-386\" alt=\"\" \/>\t\t\t\t\t\t\t\t\t\t\t\t\t\t\t<\/div>\n\t\t\t\t<\/div>\n\t\t\t\t<div class=\"elementor-element elementor-element-dbf08ea elementor-widget__width-initial elementor-widget elementor-widget-text-editor\" data-id=\"dbf08ea\" data-element_type=\"widget\" data-e-type=\"widget\" data-widget_type=\"text-editor.default\">\n\t\t\t\t<div class=\"elementor-widget-container\">\n\t\t\t\t\t\t\t\t\t\u00abUna gran especialista en transcreaci\u00f3n. Como traductora, es capaz de crear unos textos vivos y din\u00e1micos, con el nivel de adaptaci\u00f3n necesario, pero garantizando la precisi\u00f3n t\u00e9cnica. Como revisora, aporta el toque creativo justo a traducciones t\u00e9cnicas sin personalidad. Adem\u00e1s, est\u00e1 muy familiarizada con los conceptos y el sector de las TI.\u00bb\t\t\t\t\t\t\t\t<\/div>\n\t\t\t\t<\/div>\n\t\t\t\t<div class=\"elementor-element elementor-element-99d6a90 elementor-widget__width-initial elementor-widget elementor-widget-text-editor\" data-id=\"99d6a90\" data-element_type=\"widget\" data-e-type=\"widget\" data-widget_type=\"text-editor.default\">\n\t\t\t\t<div class=\"elementor-widget-container\">\n\t\t\t\t\t\t\t\t\tNora Zilahy, espell\t\t\t\t\t\t\t\t<\/div>\n\t\t\t\t<\/div>\n\t\t\t\t\t<\/div>\n\t\t<\/div>\n\t\t\t\t\t<\/div>\n\t\t<\/section>\n\t\t\t\t<section class=\"elementor-section elementor-top-section elementor-element elementor-element-66f4a46 elementor-section-full_width elementor-section-height-default elementor-section-height-default\" data-id=\"66f4a46\" data-element_type=\"section\" data-e-type=\"section\">\n\t\t\t\t\t\t<div class=\"elementor-container elementor-column-gap-wider\">\n\t\t\t\t\t<div class=\"elementor-column elementor-col-50 elementor-top-column elementor-element elementor-element-09da19a\" data-id=\"09da19a\" data-element_type=\"column\" data-e-type=\"column\">\n\t\t\t<div class=\"elementor-widget-wrap elementor-element-populated\">\n\t\t\t\t\t\t<div class=\"elementor-element elementor-element-f1fa5d3 elementor-widget__width-auto elementor-widget elementor-widget-image\" data-id=\"f1fa5d3\" data-element_type=\"widget\" data-e-type=\"widget\" data-widget_type=\"image.default\">\n\t\t\t\t<div class=\"elementor-widget-container\">\n\t\t\t\t\t\t\t\t\t\t\t\t\t\t\t<img loading=\"lazy\" decoding=\"async\" width=\"53\" height=\"58\" src=\"https:\/\/www.iter.cat\/wp-content\/uploads\/2022\/01\/clients_3.svg\" class=\"attachment-full size-full wp-image-390\" alt=\"\" \/>\t\t\t\t\t\t\t\t\t\t\t\t\t\t\t<\/div>\n\t\t\t\t<\/div>\n\t\t\t\t<div class=\"elementor-element elementor-element-5e379bf elementor-widget__width-initial elementor-widget elementor-widget-text-editor\" data-id=\"5e379bf\" data-element_type=\"widget\" data-e-type=\"widget\" data-widget_type=\"text-editor.default\">\n\t\t\t\t<div class=\"elementor-widget-container\">\n\t\t\t\t\t\t\t\t\t\u00abEstamos muy contentos de que Anna forme parte de nuestro equipo. Siempre que acepta un trabajo sabemos que la traducci\u00f3n est\u00e1 en buenas manos. Anna nunca nos ha fallado: la calidad y la fiabilidad son dos constantes en nuestra colaboraci\u00f3n. Valoramos especialmente la profesionalidad con la que aborda cualquier texto que le encargamos.\u00bb\t\t\t\t\t\t\t\t<\/div>\n\t\t\t\t<\/div>\n\t\t\t\t<div class=\"elementor-element elementor-element-d038e69 elementor-widget__width-initial elementor-widget elementor-widget-text-editor\" data-id=\"d038e69\" data-element_type=\"widget\" data-e-type=\"widget\" data-widget_type=\"text-editor.default\">\n\t\t\t\t<div class=\"elementor-widget-container\">\n\t\t\t\t\t\t\t\t\tOliver Gurtschmann, Wordcrafts\t\t\t\t\t\t\t\t<\/div>\n\t\t\t\t<\/div>\n\t\t\t\t\t<\/div>\n\t\t<\/div>\n\t\t\t\t<div class=\"elementor-column elementor-col-50 elementor-top-column elementor-element elementor-element-a7d3dc5\" data-id=\"a7d3dc5\" data-element_type=\"column\" data-e-type=\"column\">\n\t\t\t<div class=\"elementor-widget-wrap elementor-element-populated\">\n\t\t\t\t\t\t<div class=\"elementor-element elementor-element-5d33245 elementor-widget__width-auto elementor-widget elementor-widget-image\" data-id=\"5d33245\" data-element_type=\"widget\" data-e-type=\"widget\" data-widget_type=\"image.default\">\n\t\t\t\t<div class=\"elementor-widget-container\">\n\t\t\t\t\t\t\t\t\t\t\t\t\t\t\t<img loading=\"lazy\" decoding=\"async\" width=\"23\" height=\"102\" src=\"https:\/\/www.iter.cat\/wp-content\/uploads\/2022\/01\/clients_4.svg\" class=\"attachment-full size-full wp-image-394\" alt=\"\" \/>\t\t\t\t\t\t\t\t\t\t\t\t\t\t\t<\/div>\n\t\t\t\t<\/div>\n\t\t\t\t<div class=\"elementor-element elementor-element-885afae elementor-widget__width-initial elementor-widget elementor-widget-text-editor\" data-id=\"885afae\" data-element_type=\"widget\" data-e-type=\"widget\" data-widget_type=\"text-editor.default\">\n\t\t\t\t<div class=\"elementor-widget-container\">\n\t\t\t\t\t\t\t\t\t\u00abEs un placer trabajar con Anna. Es profesional, fiable y flexible. Anna forma parte del equipo de confianza de Wordcrafts desde hace tiempo y continuar\u00e1 siendo una de sus piezas claves durante muchos a\u00f1os m\u00e1s.\u00bb\t\t\t\t\t\t\t\t<\/div>\n\t\t\t\t<\/div>\n\t\t\t\t<div class=\"elementor-element elementor-element-cbc2b83 elementor-widget__width-initial elementor-widget elementor-widget-text-editor\" data-id=\"cbc2b83\" data-element_type=\"widget\" data-e-type=\"widget\" data-widget_type=\"text-editor.default\">\n\t\t\t\t<div class=\"elementor-widget-container\">\n\t\t\t\t\t\t\t\t\tFelix Bartz, Wordcrafts\t\t\t\t\t\t\t\t<\/div>\n\t\t\t\t<\/div>\n\t\t\t\t\t<\/div>\n\t\t<\/div>\n\t\t\t\t\t<\/div>\n\t\t<\/section>\n\t\t\t\t<section class=\"elementor-section elementor-top-section elementor-element elementor-element-f418eb4 elementor-section-full_width elementor-section-height-default elementor-section-height-default\" data-id=\"f418eb4\" data-element_type=\"section\" data-e-type=\"section\">\n\t\t\t\t\t\t<div class=\"elementor-container elementor-column-gap-wider\">\n\t\t\t\t\t<div class=\"elementor-column elementor-col-50 elementor-top-column elementor-element elementor-element-59c74af\" data-id=\"59c74af\" data-element_type=\"column\" data-e-type=\"column\">\n\t\t\t<div class=\"elementor-widget-wrap elementor-element-populated\">\n\t\t\t\t\t\t<div class=\"elementor-element elementor-element-989cb06 elementor-widget__width-auto elementor-widget elementor-widget-image\" data-id=\"989cb06\" data-element_type=\"widget\" data-e-type=\"widget\" data-widget_type=\"image.default\">\n\t\t\t\t<div class=\"elementor-widget-container\">\n\t\t\t\t\t\t\t\t\t\t\t\t\t\t\t<img loading=\"lazy\" decoding=\"async\" width=\"51\" height=\"39\" src=\"https:\/\/www.iter.cat\/wp-content\/uploads\/2022\/01\/clients_5.svg\" class=\"attachment-full size-full wp-image-398\" alt=\"\" \/>\t\t\t\t\t\t\t\t\t\t\t\t\t\t\t<\/div>\n\t\t\t\t<\/div>\n\t\t\t\t<div class=\"elementor-element elementor-element-f2d6d66 elementor-widget__width-initial elementor-widget elementor-widget-text-editor\" data-id=\"f2d6d66\" data-element_type=\"widget\" data-e-type=\"widget\" data-widget_type=\"text-editor.default\">\n\t\t\t\t<div class=\"elementor-widget-container\">\n\t\t\t\t\t\t\t\t\t\u00abLa colaboraci\u00f3n con ellos ha sido muy f\u00e1cil. Ten\u00edan muy claro lo que necesit\u00e1bamos desde el principio del proyecto\u00bb\t\t\t\t\t\t\t\t<\/div>\n\t\t\t\t<\/div>\n\t\t\t\t<div class=\"elementor-element elementor-element-aaeac78 elementor-widget__width-initial elementor-widget elementor-widget-text-editor\" data-id=\"aaeac78\" data-element_type=\"widget\" data-e-type=\"widget\" data-widget_type=\"text-editor.default\">\n\t\t\t\t<div class=\"elementor-widget-container\">\n\t\t\t\t\t\t\t\t\tTatianna Ruggiero, Jamf\t\t\t\t\t\t\t\t<\/div>\n\t\t\t\t<\/div>\n\t\t\t\t\t<\/div>\n\t\t<\/div>\n\t\t\t\t<div class=\"elementor-column elementor-col-50 elementor-top-column elementor-element elementor-element-e687097\" data-id=\"e687097\" data-element_type=\"column\" data-e-type=\"column\">\n\t\t\t<div class=\"elementor-widget-wrap elementor-element-populated\">\n\t\t\t\t\t\t<div class=\"elementor-element elementor-element-d330d53 elementor-widget__width-auto elementor-widget elementor-widget-image\" data-id=\"d330d53\" data-element_type=\"widget\" data-e-type=\"widget\" data-widget_type=\"image.default\">\n\t\t\t\t<div class=\"elementor-widget-container\">\n\t\t\t\t\t\t\t\t\t\t\t\t\t\t\t<img loading=\"lazy\" decoding=\"async\" width=\"45\" height=\"120\" src=\"https:\/\/www.iter.cat\/wp-content\/uploads\/2022\/01\/clients_6.svg\" class=\"attachment-full size-full wp-image-402\" alt=\"\" \/>\t\t\t\t\t\t\t\t\t\t\t\t\t\t\t<\/div>\n\t\t\t\t<\/div>\n\t\t\t\t<div class=\"elementor-element elementor-element-1d6b7e5 elementor-widget__width-initial elementor-widget elementor-widget-text-editor\" data-id=\"1d6b7e5\" data-element_type=\"widget\" data-e-type=\"widget\" data-widget_type=\"text-editor.default\">\n\t\t\t\t<div class=\"elementor-widget-container\">\n\t\t\t\t\t\t\t\t\t\u00abFrancesc nos parece un traductor muy eficiente y cuidadoso. Cumple siempre con las entregas previstas y en pocas semanas ha sabido captar el tono que queremos transmitir en nuestros textos. Adem\u00e1s, responde muy bien a las cr\u00edticas constructivas y muestra un gran inter\u00e9s por aprender y adaptarse a lo que le pide el cliente.\u00bb\t\t\t\t\t\t\t\t<\/div>\n\t\t\t\t<\/div>\n\t\t\t\t<div class=\"elementor-element elementor-element-262037d elementor-widget__width-initial elementor-widget elementor-widget-text-editor\" data-id=\"262037d\" data-element_type=\"widget\" data-e-type=\"widget\" data-widget_type=\"text-editor.default\">\n\t\t\t\t<div class=\"elementor-widget-container\">\n\t\t\t\t\t\t\t\t\tEdu Ferrer, Spanish Editor, IESE Business School\t\t\t\t\t\t\t\t<\/div>\n\t\t\t\t<\/div>\n\t\t\t\t\t<\/div>\n\t\t<\/div>\n\t\t\t\t\t<\/div>\n\t\t<\/section>\n\t\t\t\t<\/div>\n\t\t","protected":false},"excerpt":{"rendered":"<p>Clientes Trabajamos para agencias de comunicaci\u00f3n y traducci\u00f3n multinacionales, y tambi\u00e9n para clientes finales de diferentes sectores, especialmente del \u00e1mbito de la tecnolog\u00eda, la automoci\u00f3n, los sistemas de seguridad y la educaci\u00f3n, en proyectos que van desde la localizaci\u00f3n de aplicaciones hasta la traducci\u00f3n de cursos y la creaci\u00f3n o adaptaci\u00f3n de contenidos de marketing [&hellip;]<\/p>\n","protected":false},"author":1,"featured_media":0,"parent":0,"menu_order":0,"comment_status":"closed","ping_status":"closed","template":"elementor_header_footer","meta":{"inline_featured_image":false,"footnotes":""},"class_list":["post-658","page","type-page","status-publish","hentry"],"_links":{"self":[{"href":"https:\/\/www.iter.cat\/es\/wp-json\/wp\/v2\/pages\/658","targetHints":{"allow":["GET"]}}],"collection":[{"href":"https:\/\/www.iter.cat\/es\/wp-json\/wp\/v2\/pages"}],"about":[{"href":"https:\/\/www.iter.cat\/es\/wp-json\/wp\/v2\/types\/page"}],"author":[{"embeddable":true,"href":"https:\/\/www.iter.cat\/es\/wp-json\/wp\/v2\/users\/1"}],"replies":[{"embeddable":true,"href":"https:\/\/www.iter.cat\/es\/wp-json\/wp\/v2\/comments?post=658"}],"version-history":[{"count":3,"href":"https:\/\/www.iter.cat\/es\/wp-json\/wp\/v2\/pages\/658\/revisions"}],"predecessor-version":[{"id":824,"href":"https:\/\/www.iter.cat\/es\/wp-json\/wp\/v2\/pages\/658\/revisions\/824"}],"wp:attachment":[{"href":"https:\/\/www.iter.cat\/es\/wp-json\/wp\/v2\/media?parent=658"}],"curies":[{"name":"wp","href":"https:\/\/api.w.org\/{rel}","templated":true}]}}