{"id":672,"date":"2022-05-09T19:50:07","date_gmt":"2022-05-09T17:50:07","guid":{"rendered":"https:\/\/www.iter.cat\/qui-sommes-nous\/"},"modified":"2022-05-09T19:50:07","modified_gmt":"2022-05-09T17:50:07","slug":"qui-sommes-nous","status":"publish","type":"page","link":"https:\/\/www.iter.cat\/fr\/qui-sommes-nous\/","title":{"rendered":"qui sommes-nous"},"content":{"rendered":"\t\t<div data-elementor-type=\"wp-page\" data-elementor-id=\"672\" class=\"elementor elementor-672 elementor-240\" data-elementor-post-type=\"page\">\n\t\t\t\t\t\t<section class=\"elementor-section elementor-top-section elementor-element elementor-element-71030c0 elementor-section-full_width elementor-section-height-default elementor-section-height-default\" data-id=\"71030c0\" data-element_type=\"section\" data-e-type=\"section\">\n\t\t\t\t\t\t<div class=\"elementor-container elementor-column-gap-no\">\n\t\t\t\t\t<div class=\"elementor-column elementor-col-100 elementor-top-column elementor-element elementor-element-c4635dd\" data-id=\"c4635dd\" data-element_type=\"column\" data-e-type=\"column\">\n\t\t\t<div class=\"elementor-widget-wrap elementor-element-populated\">\n\t\t\t\t\t\t<div class=\"elementor-element elementor-element-9e94934 elementor-widget elementor-widget-image\" data-id=\"9e94934\" data-element_type=\"widget\" data-e-type=\"widget\" data-widget_type=\"image.default\">\n\t\t\t\t<div class=\"elementor-widget-container\">\n\t\t\t\t\t\t\t\t\t\t\t\t\t\t\t<img fetchpriority=\"high\" decoding=\"async\" width=\"2451\" height=\"850\" src=\"https:\/\/www.iter.cat\/wp-content\/uploads\/2022\/01\/serveis.jpg\" class=\"attachment-full size-full wp-image-425\" alt=\"\" srcset=\"https:\/\/www.iter.cat\/wp-content\/uploads\/2022\/01\/serveis.jpg 2451w, https:\/\/www.iter.cat\/wp-content\/uploads\/2022\/01\/serveis-300x104.jpg 300w, https:\/\/www.iter.cat\/wp-content\/uploads\/2022\/01\/serveis-1024x355.jpg 1024w, https:\/\/www.iter.cat\/wp-content\/uploads\/2022\/01\/serveis-768x266.jpg 768w, https:\/\/www.iter.cat\/wp-content\/uploads\/2022\/01\/serveis-1536x533.jpg 1536w, https:\/\/www.iter.cat\/wp-content\/uploads\/2022\/01\/serveis-2048x710.jpg 2048w, https:\/\/www.iter.cat\/wp-content\/uploads\/2022\/01\/serveis-1568x544.jpg 1568w\" sizes=\"(max-width: 2451px) 100vw, 2451px\" \/>\t\t\t\t\t\t\t\t\t\t\t\t\t\t\t<\/div>\n\t\t\t\t<\/div>\n\t\t\t\t\t<\/div>\n\t\t<\/div>\n\t\t\t\t\t<\/div>\n\t\t<\/section>\n\t\t\t\t<section class=\"elementor-section elementor-top-section elementor-element elementor-element-f44f931 elementor-section-full_width elementor-section-height-default elementor-section-height-default\" data-id=\"f44f931\" data-element_type=\"section\" data-e-type=\"section\">\n\t\t\t\t\t\t<div class=\"elementor-container elementor-column-gap-no\">\n\t\t\t\t\t<div class=\"elementor-column elementor-col-100 elementor-top-column elementor-element elementor-element-59b6840\" data-id=\"59b6840\" data-element_type=\"column\" data-e-type=\"column\">\n\t\t\t<div class=\"elementor-widget-wrap elementor-element-populated\">\n\t\t\t\t\t\t<div class=\"elementor-element elementor-element-e9d54ab elementor-widget elementor-widget-image\" data-id=\"e9d54ab\" data-element_type=\"widget\" data-e-type=\"widget\" data-widget_type=\"image.default\">\n\t\t\t\t<div class=\"elementor-widget-container\">\n\t\t\t\t\t\t\t\t\t\t\t\t\t\t\t<img decoding=\"async\" width=\"258\" height=\"265\" src=\"https:\/\/www.iter.cat\/wp-content\/uploads\/2022\/01\/qui_som.svg\" class=\"attachment-full size-full wp-image-267\" alt=\"\" \/>\t\t\t\t\t\t\t\t\t\t\t\t\t\t\t<\/div>\n\t\t\t\t<\/div>\n\t\t\t\t\t<\/div>\n\t\t<\/div>\n\t\t\t\t\t<\/div>\n\t\t<\/section>\n\t\t\t\t<section class=\"elementor-section elementor-top-section elementor-element elementor-element-913d7b7 elementor-section-full_width elementor-section-height-default elementor-section-height-default\" data-id=\"913d7b7\" data-element_type=\"section\" data-e-type=\"section\">\n\t\t\t\t\t\t<div class=\"elementor-container elementor-column-gap-no\">\n\t\t\t\t\t<div class=\"elementor-column elementor-col-100 elementor-top-column elementor-element elementor-element-ad92751\" data-id=\"ad92751\" data-element_type=\"column\" data-e-type=\"column\">\n\t\t\t<div class=\"elementor-widget-wrap elementor-element-populated\">\n\t\t\t\t\t\t<div class=\"elementor-element elementor-element-d44c571 elementor-widget elementor-widget-heading\" data-id=\"d44c571\" data-element_type=\"widget\" data-e-type=\"widget\" data-widget_type=\"heading.default\">\n\t\t\t\t<div class=\"elementor-widget-container\">\n\t\t\t\t\t<h1 class=\"elementor-heading-title elementor-size-default\">Qui sommes-nous\u00a0? <\/h1>\t\t\t\t<\/div>\n\t\t\t\t<\/div>\n\t\t\t\t\t<\/div>\n\t\t<\/div>\n\t\t\t\t\t<\/div>\n\t\t<\/section>\n\t\t\t\t<section class=\"elementor-section elementor-top-section elementor-element elementor-element-26095f3 elementor-section-full_width elementor-section-height-default elementor-section-height-default\" data-id=\"26095f3\" data-element_type=\"section\" data-e-type=\"section\">\n\t\t\t\t\t\t<div class=\"elementor-container elementor-column-gap-no\">\n\t\t\t\t\t<div class=\"elementor-column elementor-col-100 elementor-top-column elementor-element elementor-element-8cbc604\" data-id=\"8cbc604\" data-element_type=\"column\" data-e-type=\"column\">\n\t\t\t<div class=\"elementor-widget-wrap elementor-element-populated\">\n\t\t\t\t\t\t<div class=\"elementor-element elementor-element-d29482a elementor-widget elementor-widget-text-editor\" data-id=\"d29482a\" data-element_type=\"widget\" data-e-type=\"widget\" data-widget_type=\"text-editor.default\">\n\t\t\t\t<div class=\"elementor-widget-container\">\n\t\t\t\t\t\t\t\t\t<p>Chez iter nous sommes convaincus que <span style=\"font-family:Sans-serif !important;font-weight:500;\">1 + 1<\/span> ne font pas 2, mais beaucoup plus, et voil\u00e0 pourquoi nous avons d\u00e9cid\u00e9 il y a quelques ann\u00e9es d\u2019unir nos efforts, nos talents, nos connaissances et les passions que nous partageons. iter, c\u2019est une \u00e9quipe form\u00e9e par Anna Asper\u00f3 et Francesc Jubany, traducteurs sp\u00e9cialis\u00e9s en marketing, transcr\u00e9ation, cr\u00e9ation de contenus et autres projets mettant en jeu un regard cr\u00e9atif. Ou deux. Parce que quatre yeux voient toujours plus clair que deux. <\/p>\n\t\t\t\t\t\t\t\t<\/div>\n\t\t\t\t<\/div>\n\t\t\t\t\t<\/div>\n\t\t<\/div>\n\t\t\t\t\t<\/div>\n\t\t<\/section>\n\t\t\t\t<section class=\"elementor-section elementor-top-section elementor-element elementor-element-e8bbcc5 elementor-section-full_width elementor-section-height-default elementor-section-height-default\" data-id=\"e8bbcc5\" data-element_type=\"section\" data-e-type=\"section\">\n\t\t\t\t\t\t<div class=\"elementor-container elementor-column-gap-no\">\n\t\t\t\t\t<div class=\"elementor-column elementor-col-50 elementor-top-column elementor-element elementor-element-038402c\" data-id=\"038402c\" data-element_type=\"column\" data-e-type=\"column\">\n\t\t\t<div class=\"elementor-widget-wrap elementor-element-populated\">\n\t\t\t\t\t\t<div class=\"elementor-element elementor-element-e7dd705 elementor-widget elementor-widget-image\" data-id=\"e7dd705\" data-element_type=\"widget\" data-e-type=\"widget\" data-widget_type=\"image.default\">\n\t\t\t\t<div class=\"elementor-widget-container\">\n\t\t\t\t\t\t\t\t\t\t\t\t\t\t\t<img decoding=\"async\" width=\"800\" height=\"545\" src=\"https:\/\/www.iter.cat\/wp-content\/uploads\/2022\/01\/francesc.png\" class=\"attachment-full size-full wp-image-275\" alt=\"\" srcset=\"https:\/\/www.iter.cat\/wp-content\/uploads\/2022\/01\/francesc.png 800w, https:\/\/www.iter.cat\/wp-content\/uploads\/2022\/01\/francesc-300x204.png 300w, https:\/\/www.iter.cat\/wp-content\/uploads\/2022\/01\/francesc-768x523.png 768w\" sizes=\"(max-width: 800px) 100vw, 800px\" \/>\t\t\t\t\t\t\t\t\t\t\t\t\t\t\t<\/div>\n\t\t\t\t<\/div>\n\t\t\t\t<div class=\"elementor-element elementor-element-98d5322 elementor-widget elementor-widget-image\" data-id=\"98d5322\" data-element_type=\"widget\" data-e-type=\"widget\" data-widget_type=\"image.default\">\n\t\t\t\t<div class=\"elementor-widget-container\">\n\t\t\t\t\t\t\t\t\t\t\t\t\t\t\t<img loading=\"lazy\" decoding=\"async\" width=\"159\" height=\"205\" src=\"https:\/\/www.iter.cat\/wp-content\/uploads\/2022\/01\/francesc_jubany.svg\" class=\"attachment-full size-full wp-image-279\" alt=\"\" \/>\t\t\t\t\t\t\t\t\t\t\t\t\t\t\t<\/div>\n\t\t\t\t<\/div>\n\t\t\t\t\t<\/div>\n\t\t<\/div>\n\t\t\t\t<div class=\"elementor-column elementor-col-50 elementor-top-column elementor-element elementor-element-6e9f3ff\" data-id=\"6e9f3ff\" data-element_type=\"column\" data-e-type=\"column\">\n\t\t\t<div class=\"elementor-widget-wrap elementor-element-populated\">\n\t\t\t\t\t\t<div class=\"elementor-element elementor-element-81e8626 elementor-widget elementor-widget-heading\" data-id=\"81e8626\" data-element_type=\"widget\" data-e-type=\"widget\" data-widget_type=\"heading.default\">\n\t\t\t\t<div class=\"elementor-widget-container\">\n\t\t\t\t\t<h1 class=\"elementor-heading-title elementor-size-default\">Francesc Jubany<\/h1>\t\t\t\t<\/div>\n\t\t\t\t<\/div>\n\t\t\t\t<div class=\"elementor-element elementor-element-a4168ce elementor-widget__width-initial elementor-widget elementor-widget-text-editor\" data-id=\"a4168ce\" data-element_type=\"widget\" data-e-type=\"widget\" data-widget_type=\"text-editor.default\">\n\t\t\t\t<div class=\"elementor-widget-container\">\n\t\t\t\t\t\t\t\t\t<p>Je suis traducteur et interpr\u00e8te depuis presque 20\u00a0ans. Mais aussi un lecteur compulsif, passionn\u00e9 d\u2019histoire, mordu de sports et dingue de footing. Au cours des dix derni\u00e8res ann\u00e9es, je me suis peu \u00e0 peu orient\u00e9 vers le marketing, la publicit\u00e9 et la traduction de projets cr\u00e9atifs (ou transcr\u00e9ation). Je suis sp\u00e9cialis\u00e9 dans l\u2019automobile, le sport et la technologie, mais les d\u00e9fis ne me font pas peur\u00a0: il n\u2019est jamais trop tard pour apprendre. <\/p>\n\t\t\t\t\t\t\t\t<\/div>\n\t\t\t\t<\/div>\n\t\t\t\t\t<\/div>\n\t\t<\/div>\n\t\t\t\t\t<\/div>\n\t\t<\/section>\n\t\t\t\t<section class=\"elementor-section elementor-top-section elementor-element elementor-element-50c2952 elementor-section-full_width elementor-reverse-mobile elementor-section-height-default elementor-section-height-default\" data-id=\"50c2952\" data-element_type=\"section\" data-e-type=\"section\">\n\t\t\t\t\t\t<div class=\"elementor-container elementor-column-gap-no\">\n\t\t\t\t\t<div class=\"elementor-column elementor-col-50 elementor-top-column elementor-element elementor-element-94fbf09\" data-id=\"94fbf09\" data-element_type=\"column\" data-e-type=\"column\">\n\t\t\t<div class=\"elementor-widget-wrap elementor-element-populated\">\n\t\t\t\t\t\t<div class=\"elementor-element elementor-element-99b9438 elementor-widget elementor-widget-heading\" data-id=\"99b9438\" data-element_type=\"widget\" data-e-type=\"widget\" data-widget_type=\"heading.default\">\n\t\t\t\t<div class=\"elementor-widget-container\">\n\t\t\t\t\t<h1 class=\"elementor-heading-title elementor-size-default\">Anna Asper\u00f3<\/h1>\t\t\t\t<\/div>\n\t\t\t\t<\/div>\n\t\t\t\t<div class=\"elementor-element elementor-element-00da921 elementor-widget__width-initial elementor-widget elementor-widget-text-editor\" data-id=\"00da921\" data-element_type=\"widget\" data-e-type=\"widget\" data-widget_type=\"text-editor.default\">\n\t\t\t\t<div class=\"elementor-widget-container\">\n\t\t\t\t\t\t\t\t\t<p>Depuis toute petite, je voue une passion pour les langues. Et, depuis d\u00e9j\u00e0 plusieurs ann\u00e9es, j\u2019ai la chance qu\u2019elles constituent aussi mon travail. Chaque projet me donne l\u2019occasion d\u2019apprendre et de continuer \u00e0 progresser, et c\u2019est bien ce qui motive au travail. Je suis sp\u00e9cialis\u00e9e dans la technologie, le marketing, les technologies de l\u2019information et l\u2019automobile. Et je suis enthousiasm\u00e9e par tout ce qui touche \u00e0 la psychologie et \u00e0 l\u2019\u00e9ducation. Quand je ne suis pas devant mon \u00e9cran, vous me trouverez avec mes trois enfants\u00a0: mon autre grande passion.<\/p>\n\t\t\t\t\t\t\t\t<\/div>\n\t\t\t\t<\/div>\n\t\t\t\t\t<\/div>\n\t\t<\/div>\n\t\t\t\t<div class=\"elementor-column elementor-col-50 elementor-top-column elementor-element elementor-element-c63834f\" data-id=\"c63834f\" data-element_type=\"column\" data-e-type=\"column\">\n\t\t\t<div class=\"elementor-widget-wrap elementor-element-populated\">\n\t\t\t\t\t\t<div class=\"elementor-element elementor-element-c90bfe3 elementor-widget elementor-widget-image\" data-id=\"c90bfe3\" data-element_type=\"widget\" data-e-type=\"widget\" data-widget_type=\"image.default\">\n\t\t\t\t<div class=\"elementor-widget-container\">\n\t\t\t\t\t\t\t\t\t\t\t\t\t\t\t<img loading=\"lazy\" decoding=\"async\" width=\"104\" height=\"335\" src=\"https:\/\/www.iter.cat\/wp-content\/uploads\/2022\/01\/anna_aspero.svg\" class=\"attachment-full size-full wp-image-283\" alt=\"\" \/>\t\t\t\t\t\t\t\t\t\t\t\t\t\t\t<\/div>\n\t\t\t\t<\/div>\n\t\t\t\t<div class=\"elementor-element elementor-element-12e4ab0 elementor-widget elementor-widget-image\" data-id=\"12e4ab0\" data-element_type=\"widget\" data-e-type=\"widget\" data-widget_type=\"image.default\">\n\t\t\t\t<div class=\"elementor-widget-container\">\n\t\t\t\t\t\t\t\t\t\t\t\t\t\t\t<img loading=\"lazy\" decoding=\"async\" width=\"800\" height=\"545\" src=\"https:\/\/www.iter.cat\/wp-content\/uploads\/2022\/01\/anna.png\" class=\"attachment-full size-full wp-image-287\" alt=\"\" srcset=\"https:\/\/www.iter.cat\/wp-content\/uploads\/2022\/01\/anna.png 800w, https:\/\/www.iter.cat\/wp-content\/uploads\/2022\/01\/anna-300x204.png 300w, https:\/\/www.iter.cat\/wp-content\/uploads\/2022\/01\/anna-768x523.png 768w\" sizes=\"(max-width: 800px) 100vw, 800px\" \/>\t\t\t\t\t\t\t\t\t\t\t\t\t\t\t<\/div>\n\t\t\t\t<\/div>\n\t\t\t\t\t<\/div>\n\t\t<\/div>\n\t\t\t\t\t<\/div>\n\t\t<\/section>\n\t\t\t\t<\/div>\n\t\t","protected":false},"excerpt":{"rendered":"<p>Qui sommes-nous\u00a0? Chez iter nous sommes convaincus que 1 + 1 ne font pas 2, mais beaucoup plus, et voil\u00e0 pourquoi nous avons d\u00e9cid\u00e9 il y a quelques ann\u00e9es d\u2019unir nos efforts, nos talents, nos connaissances et les passions que nous partageons. iter, c\u2019est une \u00e9quipe form\u00e9e par Anna Asper\u00f3 et Francesc Jubany, traducteurs sp\u00e9cialis\u00e9s [&hellip;]<\/p>\n","protected":false},"author":1,"featured_media":0,"parent":0,"menu_order":0,"comment_status":"closed","ping_status":"closed","template":"elementor_header_footer","meta":{"inline_featured_image":false,"footnotes":""},"class_list":["post-672","page","type-page","status-publish","hentry"],"_links":{"self":[{"href":"https:\/\/www.iter.cat\/fr\/wp-json\/wp\/v2\/pages\/672","targetHints":{"allow":["GET"]}}],"collection":[{"href":"https:\/\/www.iter.cat\/fr\/wp-json\/wp\/v2\/pages"}],"about":[{"href":"https:\/\/www.iter.cat\/fr\/wp-json\/wp\/v2\/types\/page"}],"author":[{"embeddable":true,"href":"https:\/\/www.iter.cat\/fr\/wp-json\/wp\/v2\/users\/1"}],"replies":[{"embeddable":true,"href":"https:\/\/www.iter.cat\/fr\/wp-json\/wp\/v2\/comments?post=672"}],"version-history":[{"count":1,"href":"https:\/\/www.iter.cat\/fr\/wp-json\/wp\/v2\/pages\/672\/revisions"}],"predecessor-version":[{"id":673,"href":"https:\/\/www.iter.cat\/fr\/wp-json\/wp\/v2\/pages\/672\/revisions\/673"}],"wp:attachment":[{"href":"https:\/\/www.iter.cat\/fr\/wp-json\/wp\/v2\/media?parent=672"}],"curies":[{"name":"wp","href":"https:\/\/api.w.org\/{rel}","templated":true}]}}