{"id":678,"date":"2022-05-10T08:58:50","date_gmt":"2022-05-10T06:58:50","guid":{"rendered":"https:\/\/www.iter.cat\/clients\/"},"modified":"2022-06-20T12:50:29","modified_gmt":"2022-06-20T10:50:29","slug":"clients","status":"publish","type":"page","link":"https:\/\/www.iter.cat\/fr\/clients\/","title":{"rendered":"clients"},"content":{"rendered":"\t\t<div data-elementor-type=\"wp-page\" data-elementor-id=\"678\" class=\"elementor elementor-678 elementor-244\" data-elementor-post-type=\"page\">\n\t\t\t\t\t\t<section class=\"elementor-section elementor-top-section elementor-element elementor-element-980ec97 elementor-section-full_width elementor-section-height-default elementor-section-height-default\" data-id=\"980ec97\" data-element_type=\"section\" data-e-type=\"section\">\n\t\t\t\t\t\t<div class=\"elementor-container elementor-column-gap-no\">\n\t\t\t\t\t<div class=\"elementor-column elementor-col-100 elementor-top-column elementor-element elementor-element-3a71425\" data-id=\"3a71425\" data-element_type=\"column\" data-e-type=\"column\">\n\t\t\t<div class=\"elementor-widget-wrap elementor-element-populated\">\n\t\t\t\t\t\t<div class=\"elementor-element elementor-element-6f9ca0f elementor-widget elementor-widget-image\" data-id=\"6f9ca0f\" data-element_type=\"widget\" data-e-type=\"widget\" data-widget_type=\"image.default\">\n\t\t\t\t<div class=\"elementor-widget-container\">\n\t\t\t\t\t\t\t\t\t\t\t\t\t\t\t<img fetchpriority=\"high\" decoding=\"async\" width=\"1920\" height=\"666\" src=\"https:\/\/www.iter.cat\/wp-content\/uploads\/2022\/05\/clients_bo.jpg\" class=\"attachment-full size-full wp-image-647\" alt=\"\" srcset=\"https:\/\/www.iter.cat\/wp-content\/uploads\/2022\/05\/clients_bo.jpg 1920w, https:\/\/www.iter.cat\/wp-content\/uploads\/2022\/05\/clients_bo-300x104.jpg 300w, https:\/\/www.iter.cat\/wp-content\/uploads\/2022\/05\/clients_bo-1024x355.jpg 1024w, https:\/\/www.iter.cat\/wp-content\/uploads\/2022\/05\/clients_bo-768x266.jpg 768w, https:\/\/www.iter.cat\/wp-content\/uploads\/2022\/05\/clients_bo-1536x533.jpg 1536w\" sizes=\"(max-width: 1920px) 100vw, 1920px\" \/>\t\t\t\t\t\t\t\t\t\t\t\t\t\t\t<\/div>\n\t\t\t\t<\/div>\n\t\t\t\t\t<\/div>\n\t\t<\/div>\n\t\t\t\t\t<\/div>\n\t\t<\/section>\n\t\t\t\t<section class=\"elementor-section elementor-top-section elementor-element elementor-element-9b43f06 elementor-section-boxed elementor-section-height-default elementor-section-height-default\" data-id=\"9b43f06\" data-element_type=\"section\" data-e-type=\"section\">\n\t\t\t\t\t\t<div class=\"elementor-container elementor-column-gap-no\">\n\t\t\t\t\t<div class=\"elementor-column elementor-col-100 elementor-top-column elementor-element elementor-element-5306ee3\" data-id=\"5306ee3\" data-element_type=\"column\" data-e-type=\"column\">\n\t\t\t<div class=\"elementor-widget-wrap elementor-element-populated\">\n\t\t\t\t\t\t<div class=\"elementor-element elementor-element-23abb3d elementor-widget elementor-widget-image\" data-id=\"23abb3d\" data-element_type=\"widget\" data-e-type=\"widget\" data-widget_type=\"image.default\">\n\t\t\t\t<div class=\"elementor-widget-container\">\n\t\t\t\t\t\t\t\t\t\t\t\t\t\t\t<img decoding=\"async\" width=\"800\" height=\"800\" src=\"https:\/\/www.iter.cat\/wp-content\/uploads\/2022\/01\/clients.svg\" class=\"attachment-large size-large wp-image-377\" alt=\"\" \/>\t\t\t\t\t\t\t\t\t\t\t\t\t\t\t<\/div>\n\t\t\t\t<\/div>\n\t\t\t\t\t<\/div>\n\t\t<\/div>\n\t\t\t\t\t<\/div>\n\t\t<\/section>\n\t\t\t\t<section class=\"elementor-section elementor-top-section elementor-element elementor-element-e46b16f elementor-section-full_width elementor-section-height-default elementor-section-height-default\" data-id=\"e46b16f\" data-element_type=\"section\" data-e-type=\"section\">\n\t\t\t\t\t\t<div class=\"elementor-container elementor-column-gap-no\">\n\t\t\t\t\t<div class=\"elementor-column elementor-col-100 elementor-top-column elementor-element elementor-element-b156630\" data-id=\"b156630\" data-element_type=\"column\" data-e-type=\"column\">\n\t\t\t<div class=\"elementor-widget-wrap elementor-element-populated\">\n\t\t\t\t\t\t<div class=\"elementor-element elementor-element-8a29c1b elementor-widget elementor-widget-heading\" data-id=\"8a29c1b\" data-element_type=\"widget\" data-e-type=\"widget\" data-widget_type=\"heading.default\">\n\t\t\t\t<div class=\"elementor-widget-container\">\n\t\t\t\t\t<h1 class=\"elementor-heading-title elementor-size-default\">Clients<\/h1>\t\t\t\t<\/div>\n\t\t\t\t<\/div>\n\t\t\t\t\t<\/div>\n\t\t<\/div>\n\t\t\t\t\t<\/div>\n\t\t<\/section>\n\t\t\t\t<section class=\"elementor-section elementor-top-section elementor-element elementor-element-1162183 elementor-section-full_width elementor-section-height-default elementor-section-height-default\" data-id=\"1162183\" data-element_type=\"section\" data-e-type=\"section\">\n\t\t\t\t\t\t<div class=\"elementor-container elementor-column-gap-no\">\n\t\t\t\t\t<div class=\"elementor-column elementor-col-100 elementor-top-column elementor-element elementor-element-dbf54c9\" data-id=\"dbf54c9\" data-element_type=\"column\" data-e-type=\"column\">\n\t\t\t<div class=\"elementor-widget-wrap elementor-element-populated\">\n\t\t\t\t\t\t<div class=\"elementor-element elementor-element-65c32f5 elementor-widget elementor-widget-text-editor\" data-id=\"65c32f5\" data-element_type=\"widget\" data-e-type=\"widget\" data-widget_type=\"text-editor.default\">\n\t\t\t\t<div class=\"elementor-widget-container\">\n\t\t\t\t\t\t\t\t\tNous travaillons pour des agences internationales de communication et de traduction, ainsi que pour des clients appartenant \u00e0 diff\u00e9rents secteurs \u2013\u00a0en particulier la technologie, l\u2019automobile, les syst\u00e8mes de s\u00e9curit\u00e9 et l\u2019\u00e9ducation\u00a0\u2013 sur des projets qui vont de la localisation d\u2019applications \u00e0 la traduction de cours et la cr\u00e9ation ou l\u2019adaptation de contenus de marketing ou de campagnes publicitaires.\t\t\t\t\t\t\t\t<\/div>\n\t\t\t\t<\/div>\n\t\t\t\t\t<\/div>\n\t\t<\/div>\n\t\t\t\t\t<\/div>\n\t\t<\/section>\n\t\t\t\t<section class=\"elementor-section elementor-top-section elementor-element elementor-element-e21c5cb elementor-section-full_width elementor-section-height-default elementor-section-height-default\" data-id=\"e21c5cb\" data-element_type=\"section\" data-e-type=\"section\">\n\t\t\t\t\t\t<div class=\"elementor-container elementor-column-gap-wider\">\n\t\t\t\t\t<div class=\"elementor-column elementor-col-50 elementor-top-column elementor-element elementor-element-1794492\" data-id=\"1794492\" data-element_type=\"column\" data-e-type=\"column\">\n\t\t\t<div class=\"elementor-widget-wrap elementor-element-populated\">\n\t\t\t\t\t\t<div class=\"elementor-element elementor-element-c279e68 elementor-widget__width-auto elementor-widget elementor-widget-image\" data-id=\"c279e68\" data-element_type=\"widget\" data-e-type=\"widget\" data-widget_type=\"image.default\">\n\t\t\t\t<div class=\"elementor-widget-container\">\n\t\t\t\t\t\t\t\t\t\t\t\t\t\t\t<img decoding=\"async\" width=\"34\" height=\"111\" src=\"https:\/\/www.iter.cat\/wp-content\/uploads\/2022\/01\/clients_1.svg\" class=\"attachment-full size-full wp-image-381\" alt=\"\" \/>\t\t\t\t\t\t\t\t\t\t\t\t\t\t\t<\/div>\n\t\t\t\t<\/div>\n\t\t\t\t<div class=\"elementor-element elementor-element-37f862f elementor-widget__width-initial elementor-widget elementor-widget-text-editor\" data-id=\"37f862f\" data-element_type=\"widget\" data-e-type=\"widget\" data-widget_type=\"text-editor.default\">\n\t\t\t\t<div class=\"elementor-widget-container\">\n\t\t\t\t\t\t\t\t\t\u00abAu cours des deux derni\u00e8res ann\u00e9es, Francesc a traduit\/r\u00e9vis\u00e9 plus de 100 000 mots pour des clients \u00e0 l\u2019international ayant un niveau d\u2019exigence \u00e9lev\u00e9, et la raison en est tr\u00e8s simple : la qualit\u00e9 de son travail est exceptionnelle. \u00bb\t\t\t\t\t\t\t\t<\/div>\n\t\t\t\t<\/div>\n\t\t\t\t<div class=\"elementor-element elementor-element-4318703 elementor-widget__width-initial elementor-widget elementor-widget-text-editor\" data-id=\"4318703\" data-element_type=\"widget\" data-e-type=\"widget\" data-widget_type=\"text-editor.default\">\n\t\t\t\t<div class=\"elementor-widget-container\">\n\t\t\t\t\t\t\t\t\tEverhard Hebly, Parnassia Media\t\t\t\t\t\t\t\t<\/div>\n\t\t\t\t<\/div>\n\t\t\t\t\t<\/div>\n\t\t<\/div>\n\t\t\t\t<div class=\"elementor-column elementor-col-50 elementor-top-column elementor-element elementor-element-1257244\" data-id=\"1257244\" data-element_type=\"column\" data-e-type=\"column\">\n\t\t\t<div class=\"elementor-widget-wrap elementor-element-populated\">\n\t\t\t\t\t\t<div class=\"elementor-element elementor-element-9e71142 elementor-widget__width-auto elementor-widget elementor-widget-image\" data-id=\"9e71142\" data-element_type=\"widget\" data-e-type=\"widget\" data-widget_type=\"image.default\">\n\t\t\t\t<div class=\"elementor-widget-container\">\n\t\t\t\t\t\t\t\t\t\t\t\t\t\t\t<img loading=\"lazy\" decoding=\"async\" width=\"23\" height=\"81\" src=\"https:\/\/www.iter.cat\/wp-content\/uploads\/2022\/01\/clients_2.svg\" class=\"attachment-full size-full wp-image-385\" alt=\"\" \/>\t\t\t\t\t\t\t\t\t\t\t\t\t\t\t<\/div>\n\t\t\t\t<\/div>\n\t\t\t\t<div class=\"elementor-element elementor-element-dbf08ea elementor-widget__width-initial elementor-widget elementor-widget-text-editor\" data-id=\"dbf08ea\" data-element_type=\"widget\" data-e-type=\"widget\" data-widget_type=\"text-editor.default\">\n\t\t\t\t<div class=\"elementor-widget-container\">\n\t\t\t\t\t\t\t\t\t\u00abUne grande sp\u00e9cialiste de la transcr\u00e9ation. En tant que traductrice, elle est capable de cr\u00e9er des textes vivants et dynamiques en respectant les exigences d\u2019adaptation tout en garantissant la pr\u00e9cision technique. En tant que r\u00e9viseuse, elle apporte aux traductions techniques la touche cr\u00e9ative juste, tout en subtilit\u00e9. Elle poss\u00e8de une connaissance approfondie des concepts et du secteur des technologies de l\u2019information.\u00bb\t\t\t\t\t\t\t\t<\/div>\n\t\t\t\t<\/div>\n\t\t\t\t<div class=\"elementor-element elementor-element-99d6a90 elementor-widget__width-initial elementor-widget elementor-widget-text-editor\" data-id=\"99d6a90\" data-element_type=\"widget\" data-e-type=\"widget\" data-widget_type=\"text-editor.default\">\n\t\t\t\t<div class=\"elementor-widget-container\">\n\t\t\t\t\t\t\t\t\tNora Zilahy, espell\t\t\t\t\t\t\t\t<\/div>\n\t\t\t\t<\/div>\n\t\t\t\t\t<\/div>\n\t\t<\/div>\n\t\t\t\t\t<\/div>\n\t\t<\/section>\n\t\t\t\t<section class=\"elementor-section elementor-top-section elementor-element elementor-element-66f4a46 elementor-section-full_width elementor-section-height-default elementor-section-height-default\" data-id=\"66f4a46\" data-element_type=\"section\" data-e-type=\"section\">\n\t\t\t\t\t\t<div class=\"elementor-container elementor-column-gap-wider\">\n\t\t\t\t\t<div class=\"elementor-column elementor-col-50 elementor-top-column elementor-element elementor-element-09da19a\" data-id=\"09da19a\" data-element_type=\"column\" data-e-type=\"column\">\n\t\t\t<div class=\"elementor-widget-wrap elementor-element-populated\">\n\t\t\t\t\t\t<div class=\"elementor-element elementor-element-f1fa5d3 elementor-widget__width-auto elementor-widget elementor-widget-image\" data-id=\"f1fa5d3\" data-element_type=\"widget\" data-e-type=\"widget\" data-widget_type=\"image.default\">\n\t\t\t\t<div class=\"elementor-widget-container\">\n\t\t\t\t\t\t\t\t\t\t\t\t\t\t\t<img loading=\"lazy\" decoding=\"async\" width=\"53\" height=\"58\" src=\"https:\/\/www.iter.cat\/wp-content\/uploads\/2022\/01\/clients_3.svg\" class=\"attachment-full size-full wp-image-389\" alt=\"\" \/>\t\t\t\t\t\t\t\t\t\t\t\t\t\t\t<\/div>\n\t\t\t\t<\/div>\n\t\t\t\t<div class=\"elementor-element elementor-element-5e379bf elementor-widget__width-initial elementor-widget elementor-widget-text-editor\" data-id=\"5e379bf\" data-element_type=\"widget\" data-e-type=\"widget\" data-widget_type=\"text-editor.default\">\n\t\t\t\t<div class=\"elementor-widget-container\">\n\t\t\t\t\t\t\t\t\t\u00abNous sommes tr\u00e8s contents qu\u2019Anna fasse partie de notre \u00e9quipe. \u00c0 chaque fois qu\u2019elle accepte un travail, nous savons que la traduction est entre de bonnes mains. Anna ne nous a jamais d\u00e9\u00e7us\u00a0: la qualit\u00e9 et la fiabilit\u00e9 sont ce qui caract\u00e9rise notre collaboration. Nous appr\u00e9cions sp\u00e9cialement la professionnalit\u00e9 avec laquelle elle se penche sur chacun des textes que nous lui commandons.\u00bb\t\t\t\t\t\t\t\t<\/div>\n\t\t\t\t<\/div>\n\t\t\t\t<div class=\"elementor-element elementor-element-d038e69 elementor-widget__width-initial elementor-widget elementor-widget-text-editor\" data-id=\"d038e69\" data-element_type=\"widget\" data-e-type=\"widget\" data-widget_type=\"text-editor.default\">\n\t\t\t\t<div class=\"elementor-widget-container\">\n\t\t\t\t\t\t\t\t\tOliver Gurtschmann, Wordcrafts\t\t\t\t\t\t\t\t<\/div>\n\t\t\t\t<\/div>\n\t\t\t\t\t<\/div>\n\t\t<\/div>\n\t\t\t\t<div class=\"elementor-column elementor-col-50 elementor-top-column elementor-element elementor-element-a7d3dc5\" data-id=\"a7d3dc5\" data-element_type=\"column\" data-e-type=\"column\">\n\t\t\t<div class=\"elementor-widget-wrap elementor-element-populated\">\n\t\t\t\t\t\t<div class=\"elementor-element elementor-element-5d33245 elementor-widget__width-auto elementor-widget elementor-widget-image\" data-id=\"5d33245\" data-element_type=\"widget\" data-e-type=\"widget\" data-widget_type=\"image.default\">\n\t\t\t\t<div class=\"elementor-widget-container\">\n\t\t\t\t\t\t\t\t\t\t\t\t\t\t\t<img loading=\"lazy\" decoding=\"async\" width=\"23\" height=\"102\" src=\"https:\/\/www.iter.cat\/wp-content\/uploads\/2022\/01\/clients_4.svg\" class=\"attachment-full size-full wp-image-393\" alt=\"\" \/>\t\t\t\t\t\t\t\t\t\t\t\t\t\t\t<\/div>\n\t\t\t\t<\/div>\n\t\t\t\t<div class=\"elementor-element elementor-element-885afae elementor-widget__width-initial elementor-widget elementor-widget-text-editor\" data-id=\"885afae\" data-element_type=\"widget\" data-e-type=\"widget\" data-widget_type=\"text-editor.default\">\n\t\t\t\t<div class=\"elementor-widget-container\">\n\t\t\t\t\t\t\t\t\t\u00abC\u2019est un plaisir de travailler avec Anna. Elle est professionnelle, s\u00e9rieuse et proactive. Anna fait partie de l\u2019\u00e9quipe de Wordcrafts depuis longtemps et continuera \u00e0 en \u00eatre un \u00e9l\u00e9ment cl\u00e9 encore longtemps.\u00bb\t\t\t\t\t\t\t\t<\/div>\n\t\t\t\t<\/div>\n\t\t\t\t<div class=\"elementor-element elementor-element-cbc2b83 elementor-widget__width-initial elementor-widget elementor-widget-text-editor\" data-id=\"cbc2b83\" data-element_type=\"widget\" data-e-type=\"widget\" data-widget_type=\"text-editor.default\">\n\t\t\t\t<div class=\"elementor-widget-container\">\n\t\t\t\t\t\t\t\t\tFelix Bartz, Wordcrafts\t\t\t\t\t\t\t\t<\/div>\n\t\t\t\t<\/div>\n\t\t\t\t\t<\/div>\n\t\t<\/div>\n\t\t\t\t\t<\/div>\n\t\t<\/section>\n\t\t\t\t<section class=\"elementor-section elementor-top-section elementor-element elementor-element-f418eb4 elementor-section-full_width elementor-section-height-default elementor-section-height-default\" data-id=\"f418eb4\" data-element_type=\"section\" data-e-type=\"section\">\n\t\t\t\t\t\t<div class=\"elementor-container elementor-column-gap-wider\">\n\t\t\t\t\t<div class=\"elementor-column elementor-col-50 elementor-top-column elementor-element elementor-element-59c74af\" data-id=\"59c74af\" data-element_type=\"column\" data-e-type=\"column\">\n\t\t\t<div class=\"elementor-widget-wrap elementor-element-populated\">\n\t\t\t\t\t\t<div class=\"elementor-element elementor-element-989cb06 elementor-widget__width-auto elementor-widget elementor-widget-image\" data-id=\"989cb06\" data-element_type=\"widget\" data-e-type=\"widget\" data-widget_type=\"image.default\">\n\t\t\t\t<div class=\"elementor-widget-container\">\n\t\t\t\t\t\t\t\t\t\t\t\t\t\t\t<img loading=\"lazy\" decoding=\"async\" width=\"51\" height=\"39\" src=\"https:\/\/www.iter.cat\/wp-content\/uploads\/2022\/01\/clients_5.svg\" class=\"attachment-full size-full wp-image-397\" alt=\"\" \/>\t\t\t\t\t\t\t\t\t\t\t\t\t\t\t<\/div>\n\t\t\t\t<\/div>\n\t\t\t\t<div class=\"elementor-element elementor-element-f2d6d66 elementor-widget__width-initial elementor-widget elementor-widget-text-editor\" data-id=\"f2d6d66\" data-element_type=\"widget\" data-e-type=\"widget\" data-widget_type=\"text-editor.default\">\n\t\t\t\t<div class=\"elementor-widget-container\">\n\t\t\t\t\t\t\t\t\t\u00abLa collaboration avec eux a \u00e9t\u00e9 tr\u00e8s facile et, d\u00e8s le d\u00e9but du projet, ils avaient clairement compris ce dont nous avions besoin.\u00bb\t\t\t\t\t\t\t\t<\/div>\n\t\t\t\t<\/div>\n\t\t\t\t<div class=\"elementor-element elementor-element-aaeac78 elementor-widget__width-initial elementor-widget elementor-widget-text-editor\" data-id=\"aaeac78\" data-element_type=\"widget\" data-e-type=\"widget\" data-widget_type=\"text-editor.default\">\n\t\t\t\t<div class=\"elementor-widget-container\">\n\t\t\t\t\t\t\t\t\tTatianna Ruggiero, Jamf\t\t\t\t\t\t\t\t<\/div>\n\t\t\t\t<\/div>\n\t\t\t\t\t<\/div>\n\t\t<\/div>\n\t\t\t\t<div class=\"elementor-column elementor-col-50 elementor-top-column elementor-element elementor-element-e687097\" data-id=\"e687097\" data-element_type=\"column\" data-e-type=\"column\">\n\t\t\t<div class=\"elementor-widget-wrap elementor-element-populated\">\n\t\t\t\t\t\t<div class=\"elementor-element elementor-element-d330d53 elementor-widget__width-auto elementor-widget elementor-widget-image\" data-id=\"d330d53\" data-element_type=\"widget\" data-e-type=\"widget\" data-widget_type=\"image.default\">\n\t\t\t\t<div class=\"elementor-widget-container\">\n\t\t\t\t\t\t\t\t\t\t\t\t\t\t\t<img loading=\"lazy\" decoding=\"async\" width=\"45\" height=\"120\" src=\"https:\/\/www.iter.cat\/wp-content\/uploads\/2022\/01\/clients_6.svg\" class=\"attachment-full size-full wp-image-401\" alt=\"\" \/>\t\t\t\t\t\t\t\t\t\t\t\t\t\t\t<\/div>\n\t\t\t\t<\/div>\n\t\t\t\t<div class=\"elementor-element elementor-element-1d6b7e5 elementor-widget__width-initial elementor-widget elementor-widget-text-editor\" data-id=\"1d6b7e5\" data-element_type=\"widget\" data-e-type=\"widget\" data-widget_type=\"text-editor.default\">\n\t\t\t\t<div class=\"elementor-widget-container\">\n\t\t\t\t\t\t\t\t\t\u00abFrancesc est pour nous un traducteur tr\u00e8s efficace et minutieux. Il respecte toujours les d\u00e9lais et en quelques semaines il a su capter le ton que nous voulons transmettre dans nos textes. En plus, il r\u00e9agit tr\u00e8s bien aux critiques constructives et montre un grand int\u00e9r\u00eat pour apprendre et s\u2019adapter \u00e0 la demande du client.\u00bb\t\t\t\t\t\t\t\t<\/div>\n\t\t\t\t<\/div>\n\t\t\t\t<div class=\"elementor-element elementor-element-262037d elementor-widget__width-initial elementor-widget elementor-widget-text-editor\" data-id=\"262037d\" data-element_type=\"widget\" data-e-type=\"widget\" data-widget_type=\"text-editor.default\">\n\t\t\t\t<div class=\"elementor-widget-container\">\n\t\t\t\t\t\t\t\t\tEdu Ferrer, Spanish Editor, IESE Business School\t\t\t\t\t\t\t\t<\/div>\n\t\t\t\t<\/div>\n\t\t\t\t\t<\/div>\n\t\t<\/div>\n\t\t\t\t\t<\/div>\n\t\t<\/section>\n\t\t\t\t<\/div>\n\t\t","protected":false},"excerpt":{"rendered":"<p>Clients Nous travaillons pour des agences internationales de communication et de traduction, ainsi que pour des clients appartenant \u00e0 diff\u00e9rents secteurs \u2013\u00a0en particulier la technologie, l\u2019automobile, les syst\u00e8mes de s\u00e9curit\u00e9 et l\u2019\u00e9ducation\u00a0\u2013 sur des projets qui vont de la localisation d\u2019applications \u00e0 la traduction de cours et la cr\u00e9ation ou l\u2019adaptation de contenus de marketing [&hellip;]<\/p>\n","protected":false},"author":1,"featured_media":0,"parent":0,"menu_order":0,"comment_status":"closed","ping_status":"closed","template":"elementor_header_footer","meta":{"inline_featured_image":false,"footnotes":""},"class_list":["post-678","page","type-page","status-publish","hentry"],"_links":{"self":[{"href":"https:\/\/www.iter.cat\/fr\/wp-json\/wp\/v2\/pages\/678","targetHints":{"allow":["GET"]}}],"collection":[{"href":"https:\/\/www.iter.cat\/fr\/wp-json\/wp\/v2\/pages"}],"about":[{"href":"https:\/\/www.iter.cat\/fr\/wp-json\/wp\/v2\/types\/page"}],"author":[{"embeddable":true,"href":"https:\/\/www.iter.cat\/fr\/wp-json\/wp\/v2\/users\/1"}],"replies":[{"embeddable":true,"href":"https:\/\/www.iter.cat\/fr\/wp-json\/wp\/v2\/comments?post=678"}],"version-history":[{"count":3,"href":"https:\/\/www.iter.cat\/fr\/wp-json\/wp\/v2\/pages\/678\/revisions"}],"predecessor-version":[{"id":822,"href":"https:\/\/www.iter.cat\/fr\/wp-json\/wp\/v2\/pages\/678\/revisions\/822"}],"wp:attachment":[{"href":"https:\/\/www.iter.cat\/fr\/wp-json\/wp\/v2\/media?parent=678"}],"curies":[{"name":"wp","href":"https:\/\/api.w.org\/{rel}","templated":true}]}}